{"id":379,"date":"2025-05-14T23:02:32","date_gmt":"2025-05-14T23:02:32","guid":{"rendered":"https:\/\/ker-nel.com\/riciclini\/"},"modified":"2025-12-19T14:51:59","modified_gmt":"2025-12-19T14:51:59","slug":"riciclini","status":"publish","type":"page","link":"https:\/\/ker-nel.com\/es\/riciclini\/","title":{"rendered":"RICICLINI"},"content":{"rendered":"\t\t<div data-elementor-type=\"wp-page\" data-elementor-id=\"379\" class=\"elementor elementor-379 elementor-38\" data-elementor-post-type=\"page\">\n\t\t\t\t<div class=\"elementor-element elementor-element-9a66767 e-flex e-con-boxed wpr-particle-no wpr-jarallax-no wpr-parallax-no wpr-sticky-section-no e-con e-parent\" data-id=\"9a66767\" data-element_type=\"container\">\n\t\t\t\t\t<div class=\"e-con-inner\">\n\t\t<div class=\"elementor-element elementor-element-8a9649f e-con-full e-flex wpr-particle-no wpr-jarallax-no wpr-parallax-no wpr-sticky-section-no e-con e-child\" data-id=\"8a9649f\" data-element_type=\"container\">\n\t\t\t\t<div class=\"elementor-element elementor-element-c0905f0 elementor-widget elementor-widget-spacer\" data-id=\"c0905f0\" data-element_type=\"widget\" data-widget_type=\"spacer.default\">\n\t\t\t\t<div class=\"elementor-widget-container\">\n\t\t\t\t\t\t\t<div class=\"elementor-spacer\">\n\t\t\t<div class=\"elementor-spacer-inner\"><\/div>\n\t\t<\/div>\n\t\t\t\t\t\t<\/div>\n\t\t\t\t<\/div>\n\t\t\t\t<div class=\"elementor-element elementor-element-a358660 elementor-widget elementor-widget-image\" data-id=\"a358660\" data-element_type=\"widget\" data-widget_type=\"image.default\">\n\t\t\t\t<div class=\"elementor-widget-container\">\n\t\t\t\t\t\t\t\t\t\t\t\t\t\t\t<img decoding=\"async\" width=\"1\" height=\"1\" src=\"https:\/\/ker-nel.com\/wp-content\/uploads\/2025\/05\/R2-01.png\" class=\"attachment-large size-large wp-image-13\" alt=\"\" \/>\t\t\t\t\t\t\t\t\t\t\t\t\t\t\t<\/div>\n\t\t\t\t<\/div>\n\t\t\t\t<\/div>\n\t\t<div class=\"elementor-element elementor-element-13f00a9 e-con-full e-flex wpr-particle-no wpr-jarallax-no wpr-parallax-no wpr-sticky-section-no e-con e-child\" data-id=\"13f00a9\" data-element_type=\"container\">\n\t\t\t\t<div class=\"elementor-element elementor-element-cf78d98 elementor-widget elementor-widget-text-editor\" data-id=\"cf78d98\" data-element_type=\"widget\" data-widget_type=\"text-editor.default\">\n\t\t\t\t<div class=\"elementor-widget-container\">\n\t\t\t\t\t\t\t\t\t<p>Los Riciclini son el coraz\u00f3n del proyecto Kernel: objetos \u00fanicos nacidos de la transformaci\u00f3n de materiales de desecho en creaciones de dise\u00f1o sostenible. Cada Riciclino es el resultado de un proceso artesanal que combina est\u00e9tica, creatividad y, en muchos casos, tecnolog\u00eda. Algunas est\u00e1n equipadas con componentes inteligentes y funciones interactivas, otras est\u00e1n concebidas como piezas simb\u00f3licas o decorativas, capaces de transmitir un poderoso mensaje sobre la sostenibilidad, el arte de la reutilizaci\u00f3n y el valor de las segundas oportunidades.<\/p><p>Su car\u00e1cter h\u00edbrido, a medio camino entre el arte y la innovaci\u00f3n, les permite responder a diferentes necesidades: existe el Riciclino dise\u00f1ado para interactuar con el ambiente dom\u00e9stico mediante sensores y microcontroladores, pero tambi\u00e9n aquel dise\u00f1ado para amueblar, entusiasmar o educar, sin tener necesariamente una funci\u00f3n digital. Lo que cada pieza tiene en com\u00fan es la intenci\u00f3n del dise\u00f1o: dar nueva dignidad a los materiales desechados, transform\u00e1ndolos en objetos valiosos, llenos de significado y belleza.<\/p><p>Cada Riciclino cuenta una historia diferente: algunos eran un viejo contenedor industrial, otros una placa electr\u00f3nica olvidada, algunos un componente recuperado de un aparato en desuso. Regenerados a trav\u00e9s de un enfoque creativo y sostenible, estos materiales se reinventan como peque\u00f1os t\u00f3tems del cambio: objetos que provocan la reflexi\u00f3n, decoran con personalidad u ofrecen nuevas funciones gracias a la tecnolog\u00eda.<\/p><p>La colecci\u00f3n Riciclini est\u00e1 dirigida a quienes buscan una alternativa al consumo an\u00f3nimo y estandarizado. Est\u00e1 dise\u00f1ado para aquellos que aman rodearse de objetos que hablan, que tienen alma, que testimonian un gesto concreto hacia una nueva idea de vida, m\u00e1s consciente y po\u00e9tica.<\/p><p> <\/p>\t\t\t\t\t\t\t\t<\/div>\n\t\t\t\t<\/div>\n\t\t\t\t<\/div>\n\t\t\t\t\t<\/div>\n\t\t\t\t<\/div>\n\t\t<div class=\"elementor-element elementor-element-7045476 e-flex e-con-boxed wpr-particle-no wpr-jarallax-no wpr-parallax-no wpr-sticky-section-no e-con e-parent\" data-id=\"7045476\" data-element_type=\"container\">\n\t\t\t\t\t<div class=\"e-con-inner\">\n\t\t<div class=\"elementor-element elementor-element-05cd20a e-con-full e-flex wpr-particle-no wpr-jarallax-no wpr-parallax-no wpr-sticky-section-no e-con e-child\" data-id=\"05cd20a\" data-element_type=\"container\">\n\t\t\t\t<div class=\"elementor-element elementor-element-2a1e2e9 elementor-widget elementor-widget-text-editor\" data-id=\"2a1e2e9\" data-element_type=\"widget\" data-widget_type=\"text-editor.default\">\n\t\t\t\t<div class=\"elementor-widget-container\">\n\t\t\t\t\t\t\t\t\t<p><em><strong>La autora: Luana Galluccio<\/strong><\/em><\/p><p>Farmac\u00e9utica, artista e innovadora en sostenibilidad y ciudades inteligentes, Luana Galluccio es la mente creativa detr\u00e1s de Riciclini. Licenciada en Farmacia, trabaja en la spin-off Smart City Instruments de la Universidad de Calabria, donde ha realizado investigaciones sobre ciudades inteligentes, energ\u00edas renovables y tratamiento de residuos para la generaci\u00f3n de energ\u00eda. Al mismo tiempo, se destac\u00f3 como directora y guionista del cortometraje Volevo le Snaik (Bad Shoes), que gan\u00f3 m\u00faltiples premios en festivales de cine, incluido el Giffoni Film Festival (Youth Media Market), el Videocorto Nettuno (Mejor Pel\u00edcula), el Skepto Film Festival (Mejor Direcci\u00f3n), el Trebaseleghe International Film Festival (Mejor Historia y Gui\u00f3n) y fue finalista en el Festival de Cine de Puglia. Como pintora, prefiere el sujeto femenino, s\u00edmbolo de resiliencia y renacimiento. Su trabajo combina ciencia, arte y tecnolog\u00eda para promover una nueva visi\u00f3n integrada y sostenible de la vida contempor\u00e1nea.<\/p><p>Cada Riciclino cuenta una historia diferente: algunos eran un viejo contenedor industrial, otros una placa electr\u00f3nica olvidada, algunos un componente recuperado de un aparato en desuso. Regenerados mediante un enfoque creativo y sostenible, estos materiales se reinventan como peque\u00f1os t\u00f3tems de cambio: objetos que invitan a la reflexi\u00f3n, dotan de personalidad a la decoraci\u00f3n o ofrecen nuevas funciones gracias a la tecnolog\u00eda.<br>La colecci\u00f3n Riciclini est\u00e1 dirigida a quienes buscan una alternativa al consumo an\u00f3nimo y estandarizado. Est\u00e1 dise\u00f1ado para aquellos que aman rodearse de objetos que hablan, que tienen alma, que testimonian un gesto concreto hacia una nueva idea de vida, m\u00e1s consciente y po\u00e9tica.<\/p>\t\t\t\t\t\t\t\t<\/div>\n\t\t\t\t<\/div>\n\t\t\t\t<\/div>\n\t\t<div class=\"elementor-element elementor-element-9819ebb e-con-full e-flex wpr-particle-no wpr-jarallax-no wpr-parallax-no wpr-sticky-section-no e-con e-child\" data-id=\"9819ebb\" data-element_type=\"container\">\n\t\t\t\t<div class=\"elementor-element elementor-element-5fd59ad elementor-widget elementor-widget-spacer\" data-id=\"5fd59ad\" data-element_type=\"widget\" data-widget_type=\"spacer.default\">\n\t\t\t\t<div class=\"elementor-widget-container\">\n\t\t\t\t\t\t\t<div class=\"elementor-spacer\">\n\t\t\t<div class=\"elementor-spacer-inner\"><\/div>\n\t\t<\/div>\n\t\t\t\t\t\t<\/div>\n\t\t\t\t<\/div>\n\t\t\t\t<div class=\"elementor-element elementor-element-de128c5 elementor-widget elementor-widget-image\" data-id=\"de128c5\" data-element_type=\"widget\" data-widget_type=\"image.default\">\n\t\t\t\t<div class=\"elementor-widget-container\">\n\t\t\t\t\t\t\t\t\t\t\t\t\t\t\t<img fetchpriority=\"high\" decoding=\"async\" width=\"800\" height=\"1000\" src=\"https:\/\/ker-nel.com\/wp-content\/uploads\/2025\/05\/1-Luana-Galluccio-819x1024.jpeg\" class=\"attachment-large size-large wp-image-750\" alt=\"\" srcset=\"https:\/\/ker-nel.com\/wp-content\/uploads\/2025\/05\/1-Luana-Galluccio-819x1024.jpeg 819w, https:\/\/ker-nel.com\/wp-content\/uploads\/2025\/05\/1-Luana-Galluccio-240x300.jpeg 240w, https:\/\/ker-nel.com\/wp-content\/uploads\/2025\/05\/1-Luana-Galluccio-768x961.jpeg 768w, https:\/\/ker-nel.com\/wp-content\/uploads\/2025\/05\/1-Luana-Galluccio-600x751.jpeg 600w, https:\/\/ker-nel.com\/wp-content\/uploads\/2025\/05\/1-Luana-Galluccio.jpeg 964w\" sizes=\"(max-width: 800px) 100vw, 800px\" \/>\t\t\t\t\t\t\t\t\t\t\t\t\t\t\t<\/div>\n\t\t\t\t<\/div>\n\t\t\t\t<\/div>\n\t\t\t\t\t<\/div>\n\t\t\t\t<\/div>\n\t\t\t\t<\/div>\n\t\t","protected":false},"excerpt":{"rendered":"<p>Los Riciclini son el coraz\u00f3n del proyecto Kernel: objetos \u00fanicos nacidos de la transformaci\u00f3n de materiales de desecho en creaciones de dise\u00f1o sostenible. Cada Riciclino es el resultado de un proceso artesanal que combina est\u00e9tica, creatividad y, en muchos casos, tecnolog\u00eda. Algunas est\u00e1n equipadas con componentes inteligentes y funciones interactivas, otras est\u00e1n concebidas como piezas simb\u00f3licas o decorativas, capaces de transmitir un poderoso mensaje sobre la sostenibilidad, el arte de la reutilizaci\u00f3n y el valor de las segundas oportunidades. Su car\u00e1cter h\u00edbrido, a medio camino entre el arte y la innovaci\u00f3n, les permite responder a diferentes necesidades: existe el Riciclino dise\u00f1ado para interactuar con el ambiente dom\u00e9stico mediante sensores y microcontroladores, pero tambi\u00e9n aquel dise\u00f1ado para amueblar, entusiasmar o educar, sin tener necesariamente una funci\u00f3n digital. Lo que cada pieza tiene en com\u00fan es la intenci\u00f3n del dise\u00f1o: dar nueva dignidad a los materiales desechados, transform\u00e1ndolos en objetos valiosos, llenos de significado y belleza. Cada Riciclino cuenta una historia diferente: algunos eran un viejo contenedor industrial, otros una placa electr\u00f3nica olvidada, algunos un componente recuperado de un aparato en desuso. Regenerados a trav\u00e9s de un enfoque creativo y sostenible, estos materiales se reinventan como peque\u00f1os t\u00f3tems del cambio: objetos que provocan la reflexi\u00f3n, decoran con personalidad u ofrecen nuevas funciones gracias a la tecnolog\u00eda. La colecci\u00f3n Riciclini est\u00e1 dirigida a quienes buscan una alternativa al consumo an\u00f3nimo y estandarizado. Est\u00e1 dise\u00f1ado para aquellos que aman rodearse de objetos que hablan, que tienen alma, que testimonian un gesto concreto hacia una nueva idea de vida, m\u00e1s consciente y po\u00e9tica. La autora: Luana Galluccio Farmac\u00e9utica, artista e innovadora en sostenibilidad y ciudades inteligentes, Luana Galluccio es la mente creativa detr\u00e1s de Riciclini. Licenciada en Farmacia, trabaja en la spin-off Smart City Instruments de la Universidad de Calabria, donde ha realizado investigaciones sobre ciudades inteligentes, energ\u00edas renovables y tratamiento de residuos para la generaci\u00f3n de energ\u00eda. Al mismo tiempo, se destac\u00f3 como directora y guionista del cortometraje Volevo le Snaik (Bad Shoes), que gan\u00f3 m\u00faltiples premios en festivales de cine, incluido el Giffoni Film Festival (Youth Media Market), el Videocorto Nettuno (Mejor Pel\u00edcula), el Skepto Film Festival (Mejor Direcci\u00f3n), el Trebaseleghe International Film Festival (Mejor Historia y Gui\u00f3n) y fue finalista en el Festival de Cine de Puglia. Como pintora, prefiere el sujeto femenino, s\u00edmbolo de resiliencia y renacimiento. Su trabajo combina ciencia, arte y tecnolog\u00eda para promover una nueva visi\u00f3n integrada y sostenible de la vida contempor\u00e1nea. Cada Riciclino cuenta una historia diferente: algunos eran un viejo contenedor industrial, otros una placa electr\u00f3nica olvidada, algunos un componente recuperado de un aparato en desuso. Regenerados mediante un enfoque creativo y sostenible, estos materiales se reinventan como peque\u00f1os t\u00f3tems de cambio: objetos que invitan a la reflexi\u00f3n, dotan de personalidad a la decoraci\u00f3n o ofrecen nuevas funciones gracias a la tecnolog\u00eda.La colecci\u00f3n Riciclini est\u00e1 dirigida a quienes buscan una alternativa al consumo an\u00f3nimo y estandarizado. Est\u00e1 dise\u00f1ado para aquellos que aman rodearse de objetos que hablan, que tienen alma, que testimonian un gesto concreto hacia una nueva idea de vida, m\u00e1s consciente y po\u00e9tica.<\/p>\n","protected":false},"author":1,"featured_media":0,"parent":0,"menu_order":0,"comment_status":"closed","ping_status":"closed","template":"","meta":{"footnotes":""},"class_list":["post-379","page","type-page","status-publish","hentry"],"_links":{"self":[{"href":"https:\/\/ker-nel.com\/es\/wp-json\/wp\/v2\/pages\/379","targetHints":{"allow":["GET"]}}],"collection":[{"href":"https:\/\/ker-nel.com\/es\/wp-json\/wp\/v2\/pages"}],"about":[{"href":"https:\/\/ker-nel.com\/es\/wp-json\/wp\/v2\/types\/page"}],"author":[{"embeddable":true,"href":"https:\/\/ker-nel.com\/es\/wp-json\/wp\/v2\/users\/1"}],"replies":[{"embeddable":true,"href":"https:\/\/ker-nel.com\/es\/wp-json\/wp\/v2\/comments?post=379"}],"version-history":[{"count":8,"href":"https:\/\/ker-nel.com\/es\/wp-json\/wp\/v2\/pages\/379\/revisions"}],"predecessor-version":[{"id":1877,"href":"https:\/\/ker-nel.com\/es\/wp-json\/wp\/v2\/pages\/379\/revisions\/1877"}],"wp:attachment":[{"href":"https:\/\/ker-nel.com\/es\/wp-json\/wp\/v2\/media?parent=379"}],"curies":[{"name":"wp","href":"https:\/\/api.w.org\/{rel}","templated":true}]}}