{"id":375,"date":"2025-05-14T22:59:17","date_gmt":"2025-05-14T22:59:17","guid":{"rendered":"https:\/\/ker-nel.com\/info\/"},"modified":"2025-12-19T14:49:22","modified_gmt":"2025-12-19T14:49:22","slug":"info","status":"publish","type":"page","link":"https:\/\/ker-nel.com\/es\/info\/","title":{"rendered":"INFO"},"content":{"rendered":"\t\t<div data-elementor-type=\"wp-page\" data-elementor-id=\"375\" class=\"elementor elementor-375 elementor-31\" data-elementor-post-type=\"page\">\n\t\t\t\t<div class=\"elementor-element elementor-element-2f6ede3 e-flex e-con-boxed wpr-particle-no wpr-jarallax-no wpr-parallax-no wpr-sticky-section-no e-con e-parent\" data-id=\"2f6ede3\" data-element_type=\"container\">\n\t\t\t\t\t<div class=\"e-con-inner\">\n\t\t\t\t<div class=\"elementor-element elementor-element-fbeaef8 elementor-widget elementor-widget-spacer\" data-id=\"fbeaef8\" data-element_type=\"widget\" data-widget_type=\"spacer.default\">\n\t\t\t\t<div class=\"elementor-widget-container\">\n\t\t\t\t\t\t\t<div class=\"elementor-spacer\">\n\t\t\t<div class=\"elementor-spacer-inner\"><\/div>\n\t\t<\/div>\n\t\t\t\t\t\t<\/div>\n\t\t\t\t<\/div>\n\t\t\t\t\t<\/div>\n\t\t\t\t<\/div>\n\t\t<div class=\"elementor-element elementor-element-cecb713 e-flex e-con-boxed wpr-particle-no wpr-jarallax-no wpr-parallax-no wpr-sticky-section-no e-con e-parent\" data-id=\"cecb713\" data-element_type=\"container\">\n\t\t\t\t\t<div class=\"e-con-inner\">\n\t\t<div class=\"elementor-element elementor-element-7af56f9 e-con-full e-flex wpr-particle-no wpr-jarallax-no wpr-parallax-no wpr-sticky-section-no e-con e-child\" data-id=\"7af56f9\" data-element_type=\"container\">\n\t\t\t\t<div class=\"elementor-element elementor-element-f7d164b elementor-widget elementor-widget-image\" data-id=\"f7d164b\" data-element_type=\"widget\" data-widget_type=\"image.default\">\n\t\t\t\t<div class=\"elementor-widget-container\">\n\t\t\t\t\t\t\t\t\t\t\t\t\t\t\t<img decoding=\"async\" width=\"1\" height=\"1\" src=\"https:\/\/ker-nel.com\/wp-content\/uploads\/2025\/05\/R3-01.png\" class=\"attachment-medium size-medium wp-image-14\" alt=\"\" \/>\t\t\t\t\t\t\t\t\t\t\t\t\t\t\t<\/div>\n\t\t\t\t<\/div>\n\t\t\t\t<\/div>\n\t\t<div class=\"elementor-element elementor-element-f9dce9e e-con-full e-flex wpr-particle-no wpr-jarallax-no wpr-parallax-no wpr-sticky-section-no e-con e-child\" data-id=\"f9dce9e\" data-element_type=\"container\">\n\t\t\t\t<div class=\"elementor-element elementor-element-ec09f96 elementor-widget elementor-widget-heading\" data-id=\"ec09f96\" data-element_type=\"widget\" data-widget_type=\"heading.default\">\n\t\t\t\t<div class=\"elementor-widget-container\">\n\t\t\t\t\t<h2 class=\"elementor-heading-title elementor-size-default\">Quienes somos<\/h2>\t\t\t\t<\/div>\n\t\t\t\t<\/div>\n\t\t\t\t<div class=\"elementor-element elementor-element-e7d802b elementor-widget elementor-widget-text-editor\" data-id=\"e7d802b\" data-element_type=\"widget\" data-widget_type=\"text-editor.default\">\n\t\t\t\t<div class=\"elementor-widget-container\">\n\t\t\t\t\t\t\t\t\t<p>Kernel es una startup innovadora fundada por un equipo multidisciplinar con el objetivo de combinar dise\u00f1o, tecnolog\u00eda y sostenibilidad medioambiental. Situado en el centro urbano de Cosenza, Kernel cuenta con el apoyo del programa \u201cCosenza Open Incubator\u201d, destinado a revitalizar el centro hist\u00f3rico de la ciudad, rico en cultura, turismo y potencial empresarial.<\/p>\t\t\t\t\t\t\t\t<\/div>\n\t\t\t\t<\/div>\n\t\t\t\t<div class=\"elementor-element elementor-element-600a63e elementor-widget elementor-widget-heading\" data-id=\"600a63e\" data-element_type=\"widget\" data-widget_type=\"heading.default\">\n\t\t\t\t<div class=\"elementor-widget-container\">\n\t\t\t\t\t<h2 class=\"elementor-heading-title elementor-size-default\">Misi\u00f3n<\/h2>\t\t\t\t<\/div>\n\t\t\t\t<\/div>\n\t\t\t\t<div class=\"elementor-element elementor-element-ffe2096 elementor-widget elementor-widget-text-editor\" data-id=\"ffe2096\" data-element_type=\"widget\" data-widget_type=\"text-editor.default\">\n\t\t\t\t<div class=\"elementor-widget-container\">\n\t\t\t\t\t\t\t\t\t<p>Kernel crea valor transformando materiales de desecho en productos de dise\u00f1o ecol\u00f3gico y tecnol\u00f3gicamente avanzados, llamados \u201cRiciclini\u201d. Estos objetos inteligentes conciencian sobre el reciclaje creativo y la sostenibilidad, integrando arte, tecnolog\u00eda e innovaci\u00f3n para promover la econom\u00eda circular y mejorar la calidad de vida.<\/p>\t\t\t\t\t\t\t\t<\/div>\n\t\t\t\t<\/div>\n\t\t\t\t<div class=\"elementor-element elementor-element-cf60886 elementor-widget elementor-widget-heading\" data-id=\"cf60886\" data-element_type=\"widget\" data-widget_type=\"heading.default\">\n\t\t\t\t<div class=\"elementor-widget-container\">\n\t\t\t\t\t<h2 class=\"elementor-heading-title elementor-size-default\">Visi\u00f3n<\/h2>\t\t\t\t<\/div>\n\t\t\t\t<\/div>\n\t\t\t\t<div class=\"elementor-element elementor-element-66b18dd elementor-widget elementor-widget-text-editor\" data-id=\"66b18dd\" data-element_type=\"widget\" data-widget_type=\"text-editor.default\">\n\t\t\t\t<div class=\"elementor-widget-container\">\n\t\t\t\t\t\t\t\t\t<p>Kernel quiere convertirse en un referente en tecno-artesan\u00eda verde, combinando el dise\u00f1o Made in Italy y la tecnolog\u00eda IoT. El objetivo es crear una comunidad comprometida con un futuro sostenible, donde cada Riciclino se convierta en una obra tecnol\u00f3gica y art\u00edstica capaz de mejorar la vida cotidiana y apoyar una revoluci\u00f3n ecol\u00f3gica.<\/p>\t\t\t\t\t\t\t\t<\/div>\n\t\t\t\t<\/div>\n\t\t\t\t<\/div>\n\t\t\t\t\t<\/div>\n\t\t\t\t<\/div>\n\t\t<div class=\"elementor-element elementor-element-d20f19d e-flex e-con-boxed wpr-particle-no wpr-jarallax-no wpr-parallax-no wpr-sticky-section-no e-con e-parent\" data-id=\"d20f19d\" data-element_type=\"container\">\n\t\t\t\t\t<div class=\"e-con-inner\">\n\t\t\t\t<div class=\"elementor-element elementor-element-6f33c8d elementor-widget-divider--view-line elementor-widget elementor-widget-divider\" data-id=\"6f33c8d\" data-element_type=\"widget\" data-widget_type=\"divider.default\">\n\t\t\t\t<div class=\"elementor-widget-container\">\n\t\t\t\t\t\t\t<div class=\"elementor-divider\">\n\t\t\t<span class=\"elementor-divider-separator\">\n\t\t\t\t\t\t<\/span>\n\t\t<\/div>\n\t\t\t\t\t\t<\/div>\n\t\t\t\t<\/div>\n\t\t\t\t\t<\/div>\n\t\t\t\t<\/div>\n\t\t<div class=\"elementor-element elementor-element-1fd6320 e-flex e-con-boxed wpr-particle-no wpr-jarallax-no wpr-parallax-no wpr-sticky-section-no e-con e-parent\" data-id=\"1fd6320\" data-element_type=\"container\">\n\t\t\t\t\t<div class=\"e-con-inner\">\n\t\t<div class=\"elementor-element elementor-element-96592df e-grid e-con-full wpr-particle-no wpr-jarallax-no wpr-parallax-no wpr-sticky-section-no e-con e-child\" data-id=\"96592df\" data-element_type=\"container\">\n\t\t\t\t<div class=\"elementor-element elementor-element-8723925 elementor-widget elementor-widget-image\" data-id=\"8723925\" data-element_type=\"widget\" data-widget_type=\"image.default\">\n\t\t\t\t<div class=\"elementor-widget-container\">\n\t\t\t\t\t\t\t\t\t\t\t\t\t\t\t<img fetchpriority=\"high\" decoding=\"async\" width=\"800\" height=\"273\" src=\"https:\/\/ker-nel.com\/wp-content\/uploads\/2025\/05\/Loghi-Coi_-versione-ottobre-1-01-1024x349.png\" class=\"attachment-large size-large wp-image-1213\" alt=\"\" srcset=\"https:\/\/ker-nel.com\/wp-content\/uploads\/2025\/05\/Loghi-Coi_-versione-ottobre-1-01-1024x349.png 1024w, https:\/\/ker-nel.com\/wp-content\/uploads\/2025\/05\/Loghi-Coi_-versione-ottobre-1-01-300x102.png 300w, https:\/\/ker-nel.com\/wp-content\/uploads\/2025\/05\/Loghi-Coi_-versione-ottobre-1-01-768x261.png 768w, https:\/\/ker-nel.com\/wp-content\/uploads\/2025\/05\/Loghi-Coi_-versione-ottobre-1-01-1536x523.png 1536w, https:\/\/ker-nel.com\/wp-content\/uploads\/2025\/05\/Loghi-Coi_-versione-ottobre-1-01-600x204.png 600w, https:\/\/ker-nel.com\/wp-content\/uploads\/2025\/05\/Loghi-Coi_-versione-ottobre-1-01.png 1710w\" sizes=\"(max-width: 800px) 100vw, 800px\" \/>\t\t\t\t\t\t\t\t\t\t\t\t\t\t\t<\/div>\n\t\t\t\t<\/div>\n\t\t\t\t<div class=\"elementor-element elementor-element-5943e49 elementor-widget elementor-widget-image\" data-id=\"5943e49\" data-element_type=\"widget\" data-widget_type=\"image.default\">\n\t\t\t\t<div class=\"elementor-widget-container\">\n\t\t\t\t\t\t\t\t\t\t\t\t\t\t\t<img decoding=\"async\" width=\"800\" height=\"216\" src=\"https:\/\/ker-nel.com\/wp-content\/uploads\/2025\/05\/Loghi-Coi_-versione-ottobre-1-02-1024x277.png\" class=\"attachment-large size-large wp-image-1216\" alt=\"\" srcset=\"https:\/\/ker-nel.com\/wp-content\/uploads\/2025\/05\/Loghi-Coi_-versione-ottobre-1-02-1024x277.png 1024w, https:\/\/ker-nel.com\/wp-content\/uploads\/2025\/05\/Loghi-Coi_-versione-ottobre-1-02-300x81.png 300w, https:\/\/ker-nel.com\/wp-content\/uploads\/2025\/05\/Loghi-Coi_-versione-ottobre-1-02-768x208.png 768w, https:\/\/ker-nel.com\/wp-content\/uploads\/2025\/05\/Loghi-Coi_-versione-ottobre-1-02-1536x416.png 1536w, https:\/\/ker-nel.com\/wp-content\/uploads\/2025\/05\/Loghi-Coi_-versione-ottobre-1-02-2048x554.png 2048w, https:\/\/ker-nel.com\/wp-content\/uploads\/2025\/05\/Loghi-Coi_-versione-ottobre-1-02-600x162.png 600w\" sizes=\"(max-width: 800px) 100vw, 800px\" \/>\t\t\t\t\t\t\t\t\t\t\t\t\t\t\t<\/div>\n\t\t\t\t<\/div>\n\t\t\t\t<div class=\"elementor-element elementor-element-b62becd elementor-widget elementor-widget-image\" data-id=\"b62becd\" data-element_type=\"widget\" data-widget_type=\"image.default\">\n\t\t\t\t<div class=\"elementor-widget-container\">\n\t\t\t\t\t\t\t\t\t\t\t\t\t\t\t<img loading=\"lazy\" decoding=\"async\" width=\"800\" height=\"298\" src=\"https:\/\/ker-nel.com\/wp-content\/uploads\/2025\/05\/Loghi-Coi_-versione-ottobre-1-03-1024x381.png\" class=\"attachment-large size-large wp-image-1219\" alt=\"\" srcset=\"https:\/\/ker-nel.com\/wp-content\/uploads\/2025\/05\/Loghi-Coi_-versione-ottobre-1-03-1024x381.png 1024w, https:\/\/ker-nel.com\/wp-content\/uploads\/2025\/05\/Loghi-Coi_-versione-ottobre-1-03-300x112.png 300w, https:\/\/ker-nel.com\/wp-content\/uploads\/2025\/05\/Loghi-Coi_-versione-ottobre-1-03-768x286.png 768w, https:\/\/ker-nel.com\/wp-content\/uploads\/2025\/05\/Loghi-Coi_-versione-ottobre-1-03-1536x571.png 1536w, https:\/\/ker-nel.com\/wp-content\/uploads\/2025\/05\/Loghi-Coi_-versione-ottobre-1-03-600x223.png 600w, https:\/\/ker-nel.com\/wp-content\/uploads\/2025\/05\/Loghi-Coi_-versione-ottobre-1-03.png 1565w\" sizes=\"(max-width: 800px) 100vw, 800px\" \/>\t\t\t\t\t\t\t\t\t\t\t\t\t\t\t<\/div>\n\t\t\t\t<\/div>\n\t\t\t\t<div class=\"elementor-element elementor-element-a949528 elementor-widget elementor-widget-image\" data-id=\"a949528\" data-element_type=\"widget\" data-widget_type=\"image.default\">\n\t\t\t\t<div class=\"elementor-widget-container\">\n\t\t\t\t\t\t\t\t\t\t\t\t\t\t\t<img loading=\"lazy\" decoding=\"async\" width=\"800\" height=\"159\" src=\"https:\/\/ker-nel.com\/wp-content\/uploads\/2025\/05\/Loghi-Coi_-versione-ottobre-1-04-1024x203.png\" class=\"attachment-large size-large wp-image-1222\" alt=\"\" srcset=\"https:\/\/ker-nel.com\/wp-content\/uploads\/2025\/05\/Loghi-Coi_-versione-ottobre-1-04-1024x203.png 1024w, https:\/\/ker-nel.com\/wp-content\/uploads\/2025\/05\/Loghi-Coi_-versione-ottobre-1-04-300x59.png 300w, https:\/\/ker-nel.com\/wp-content\/uploads\/2025\/05\/Loghi-Coi_-versione-ottobre-1-04-768x152.png 768w, https:\/\/ker-nel.com\/wp-content\/uploads\/2025\/05\/Loghi-Coi_-versione-ottobre-1-04-1536x304.png 1536w, https:\/\/ker-nel.com\/wp-content\/uploads\/2025\/05\/Loghi-Coi_-versione-ottobre-1-04-2048x405.png 2048w, https:\/\/ker-nel.com\/wp-content\/uploads\/2025\/05\/Loghi-Coi_-versione-ottobre-1-04-600x119.png 600w\" sizes=\"(max-width: 800px) 100vw, 800px\" \/>\t\t\t\t\t\t\t\t\t\t\t\t\t\t\t<\/div>\n\t\t\t\t<\/div>\n\t\t\t\t<\/div>\n\t\t\t\t\t<\/div>\n\t\t\t\t<\/div>\n\t\t\t\t<\/div>\n\t\t","protected":false},"excerpt":{"rendered":"<p>Quienes somos Kernel es una startup innovadora fundada por un equipo multidisciplinar con el objetivo de combinar dise\u00f1o, tecnolog\u00eda y sostenibilidad medioambiental. Situado en el centro urbano de Cosenza, Kernel cuenta con el apoyo del programa \u201cCosenza Open Incubator\u201d, destinado a revitalizar el centro hist\u00f3rico de la ciudad, rico en cultura, turismo y potencial empresarial. Misi\u00f3n Kernel crea valor transformando materiales de desecho en productos de dise\u00f1o ecol\u00f3gico y tecnol\u00f3gicamente avanzados, llamados \u201cRiciclini\u201d. Estos objetos inteligentes conciencian sobre el reciclaje creativo y la sostenibilidad, integrando arte, tecnolog\u00eda e innovaci\u00f3n para promover la econom\u00eda circular y mejorar la calidad de vida. Visi\u00f3n Kernel quiere convertirse en un referente en tecno-artesan\u00eda verde, combinando el dise\u00f1o Made in Italy y la tecnolog\u00eda IoT. El objetivo es crear una comunidad comprometida con un futuro sostenible, donde cada Riciclino se convierta en una obra tecnol\u00f3gica y art\u00edstica capaz de mejorar la vida cotidiana y apoyar una revoluci\u00f3n ecol\u00f3gica.<\/p>\n","protected":false},"author":1,"featured_media":0,"parent":0,"menu_order":0,"comment_status":"closed","ping_status":"closed","template":"","meta":{"footnotes":""},"class_list":["post-375","page","type-page","status-publish","hentry"],"_links":{"self":[{"href":"https:\/\/ker-nel.com\/es\/wp-json\/wp\/v2\/pages\/375","targetHints":{"allow":["GET"]}}],"collection":[{"href":"https:\/\/ker-nel.com\/es\/wp-json\/wp\/v2\/pages"}],"about":[{"href":"https:\/\/ker-nel.com\/es\/wp-json\/wp\/v2\/types\/page"}],"author":[{"embeddable":true,"href":"https:\/\/ker-nel.com\/es\/wp-json\/wp\/v2\/users\/1"}],"replies":[{"embeddable":true,"href":"https:\/\/ker-nel.com\/es\/wp-json\/wp\/v2\/comments?post=375"}],"version-history":[{"count":4,"href":"https:\/\/ker-nel.com\/es\/wp-json\/wp\/v2\/pages\/375\/revisions"}],"predecessor-version":[{"id":1876,"href":"https:\/\/ker-nel.com\/es\/wp-json\/wp\/v2\/pages\/375\/revisions\/1876"}],"wp:attachment":[{"href":"https:\/\/ker-nel.com\/es\/wp-json\/wp\/v2\/media?parent=375"}],"curies":[{"name":"wp","href":"https:\/\/api.w.org\/{rel}","templated":true}]}}